{"id":1497,"date":"2024-09-08T20:41:26","date_gmt":"2024-09-08T20:41:26","guid":{"rendered":"https:\/\/www.gekril.com.br\/?page_id=1497"},"modified":"2026-01-30T12:28:06","modified_gmt":"2026-01-30T12:28:06","slug":"a-gekril","status":"publish","type":"page","link":"http:\/\/gekril.com.br\/index.php\/a-gekril\/","title":{"rendered":"A Gekril"},"content":{"rendered":"\t\t<div data-elementor-type=\"wp-page\" data-elementor-id=\"1497\" class=\"elementor elementor-1497\" data-elementor-post-type=\"page\">\n\t\t\t\t<div class=\"elementor-element elementor-element-b5196c2 e-flex e-con-boxed e-con e-parent\" data-id=\"b5196c2\" data-element_type=\"container\" data-settings=\"{&quot;background_background&quot;:&quot;classic&quot;,&quot;shape_divider_bottom&quot;:&quot;waves&quot;,&quot;shape_divider_bottom_negative&quot;:&quot;yes&quot;}\">\n\t\t\t\t\t<div class=\"e-con-inner\">\n\t\t\t\t<div class=\"elementor-shape elementor-shape-bottom\" data-negative=\"true\">\n\t\t\t<svg xmlns=\"http:\/\/www.w3.org\/2000\/svg\" viewBox=\"0 0 1000 100\" preserveAspectRatio=\"none\">\n\t<path class=\"elementor-shape-fill\" d=\"M790.5,93.1c-59.3-5.3-116.8-18-192.6-50c-29.6-12.7-76.9-31-100.5-35.9c-23.6-4.9-52.6-7.8-75.5-5.3\n\tc-10.2,1.1-22.6,1.4-50.1,7.4c-27.2,6.3-58.2,16.6-79.4,24.7c-41.3,15.9-94.9,21.9-134,22.6C72,58.2,0,25.8,0,25.8V100h1000V65.3\n\tc0,0-51.5,19.4-106.2,25.7C839.5,97,814.1,95.2,790.5,93.1z\"\/>\n<\/svg>\t\t<\/div>\n\t\t<div class=\"elementor-element elementor-element-f713704 e-con-full e-flex e-con e-child\" data-id=\"f713704\" data-element_type=\"container\">\n\t\t\t\t<div class=\"elementor-element elementor-element-d7d3127 elementor-widget elementor-widget-image\" data-id=\"d7d3127\" data-element_type=\"widget\" data-widget_type=\"image.default\">\n\t\t\t\t<div class=\"elementor-widget-container\">\n\t\t\t<style>\/*! elementor - v3.23.0 - 05-08-2024 *\/\n.elementor-widget-image{text-align:center}.elementor-widget-image a{display:inline-block}.elementor-widget-image a img[src$=\".svg\"]{width:48px}.elementor-widget-image img{vertical-align:middle;display:inline-block}<\/style>\t\t\t\t\t\t\t\t\t\t<img fetchpriority=\"high\" decoding=\"async\" width=\"768\" height=\"545\" src=\"http:\/\/gekril.com.br\/wp-content\/uploads\/2024\/10\/GERAL-768x545.png\" class=\"attachment-medium_large size-medium_large wp-image-1509\" alt=\"\" srcset=\"http:\/\/gekril.com.br\/wp-content\/uploads\/2024\/10\/GERAL-768x545.png 768w, http:\/\/gekril.com.br\/wp-content\/uploads\/2024\/10\/GERAL-300x213.png 300w, http:\/\/gekril.com.br\/wp-content\/uploads\/2024\/10\/GERAL.png 800w\" sizes=\"(max-width: 768px) 100vw, 768px\" \/>\t\t\t\t\t\t\t\t\t\t\t\t\t<\/div>\n\t\t\t\t<\/div>\n\t\t\t\t<\/div>\n\t\t\t\t\t<\/div>\n\t\t\t\t<\/div>\n\t\t<div class=\"elementor-element elementor-element-0fbd257 e-flex e-con-boxed e-con e-parent\" data-id=\"0fbd257\" data-element_type=\"container\">\n\t\t\t\t\t<div class=\"e-con-inner\">\n\t\t<div class=\"elementor-element elementor-element-208cbf1 e-con-full e-flex e-con e-child\" data-id=\"208cbf1\" data-element_type=\"container\">\n\t\t\t\t<div class=\"elementor-element elementor-element-beffb71 elementor-widget elementor-widget-heading\" data-id=\"beffb71\" data-element_type=\"widget\" data-widget_type=\"heading.default\">\n\t\t\t\t<div class=\"elementor-widget-container\">\n\t\t\t<style>\/*! elementor - v3.23.0 - 05-08-2024 *\/\n.elementor-heading-title{padding:0;margin:0;line-height:1}.elementor-widget-heading .elementor-heading-title[class*=elementor-size-]>a{color:inherit;font-size:inherit;line-height:inherit}.elementor-widget-heading .elementor-heading-title.elementor-size-small{font-size:15px}.elementor-widget-heading .elementor-heading-title.elementor-size-medium{font-size:19px}.elementor-widget-heading .elementor-heading-title.elementor-size-large{font-size:29px}.elementor-widget-heading .elementor-heading-title.elementor-size-xl{font-size:39px}.elementor-widget-heading .elementor-heading-title.elementor-size-xxl{font-size:59px}<\/style><h2 class=\"elementor-heading-title elementor-size-default\"><b> Gekril<\/b><\/h2>\t\t<\/div>\n\t\t\t\t<\/div>\n\t\t\t\t<div class=\"elementor-element elementor-element-9809664 elementor-widget elementor-widget-heading\" data-id=\"9809664\" data-element_type=\"widget\" data-widget_type=\"heading.default\">\n\t\t\t\t<div class=\"elementor-widget-container\">\n\t\t\t<h2 class=\"elementor-heading-title elementor-size-default\"><i>Tinta <b>boa de verdade<\/b>!<\/i><\/h2>\t\t<\/div>\n\t\t\t\t<\/div>\n\t\t\t\t<\/div>\n\t\t\t\t\t<\/div>\n\t\t\t\t<\/div>\n\t\t<div class=\"elementor-element elementor-element-9cd9974 e-flex e-con-boxed e-con e-parent\" data-id=\"9cd9974\" data-element_type=\"container\">\n\t\t\t\t\t<div class=\"e-con-inner\">\n\t\t<div class=\"elementor-element elementor-element-f3df3fc e-con-full e-flex e-con e-child\" data-id=\"f3df3fc\" data-element_type=\"container\">\n\t\t\t\t<div class=\"elementor-element elementor-element-df753f6 elementor-widget elementor-widget-image\" data-id=\"df753f6\" data-element_type=\"widget\" data-widget_type=\"image.default\">\n\t\t\t\t<div class=\"elementor-widget-container\">\n\t\t\t\t\t\t\t\t\t\t\t\t\t<img decoding=\"async\" width=\"800\" height=\"816\" src=\"http:\/\/gekril.com.br\/wp-content\/uploads\/2024\/10\/organograma_logos.png\" class=\"attachment-large size-large wp-image-1511\" alt=\"\" srcset=\"http:\/\/gekril.com.br\/wp-content\/uploads\/2024\/10\/organograma_logos.png 800w, http:\/\/gekril.com.br\/wp-content\/uploads\/2024\/10\/organograma_logos-294x300.png 294w, http:\/\/gekril.com.br\/wp-content\/uploads\/2024\/10\/organograma_logos-768x783.png 768w\" sizes=\"(max-width: 800px) 100vw, 800px\" \/>\t\t\t\t\t\t\t\t\t\t\t\t\t<\/div>\n\t\t\t\t<\/div>\n\t\t\t\t<\/div>\n\t\t<div class=\"elementor-element elementor-element-9c1e6d6 e-con-full e-flex e-con e-child\" data-id=\"9c1e6d6\" data-element_type=\"container\">\n\t\t\t\t<div class=\"elementor-element elementor-element-c5d4810 elementor-widget elementor-widget-text-editor\" data-id=\"c5d4810\" data-element_type=\"widget\" data-widget_type=\"text-editor.default\">\n\t\t\t\t<div class=\"elementor-widget-container\">\n\t\t\t<style>\/*! elementor - v3.23.0 - 05-08-2024 *\/\n.elementor-widget-text-editor.elementor-drop-cap-view-stacked .elementor-drop-cap{background-color:#69727d;color:#fff}.elementor-widget-text-editor.elementor-drop-cap-view-framed .elementor-drop-cap{color:#69727d;border:3px solid;background-color:transparent}.elementor-widget-text-editor:not(.elementor-drop-cap-view-default) .elementor-drop-cap{margin-top:8px}.elementor-widget-text-editor:not(.elementor-drop-cap-view-default) .elementor-drop-cap-letter{width:1em;height:1em}.elementor-widget-text-editor .elementor-drop-cap{float:left;text-align:center;line-height:1;font-size:50px}.elementor-widget-text-editor .elementor-drop-cap-letter{display:inline-block}<\/style>\t\t\t\t<p>A Gekril \u00e9 uma <i>marca capixaba<\/i> especializada em <b>tintas e complementos para pintura residencial<\/b>, com foco em <i>seguran\u00e7a, sustentabilidade e total satisfa\u00e7\u00e3o do cliente<\/i>.<\/p><p>Com <b>mais de 10 anos de experi\u00eancia<\/b> e nascida a partir da expertise da Gekar, refer\u00eancia em complementos automotivos e industriais, unimos <b>tradi\u00e7\u00e3o e inova\u00e7\u00e3o<\/b> para entregar produtos de <i>alta performance.<\/i><\/p><p>Produzimos nossas tintas com <b>pureza, fidelidade de cor e durabilidade<\/b>. Nossa f\u00e1brica na Serra (ES) conta com<i> tecnologia de ponta<\/i> e uma <u>equipe comprometida com a excel\u00eancia.<\/u><\/p><p>Mais que qualidade, buscamos criar uma <b>rela\u00e7\u00e3o de confian\u00e7a<\/b> com quem escolhe a Gekril. Queremos que cada lata represente mais que cor: <u>represente alegria, transforma\u00e7\u00e3o e orgulho.<\/u><\/p><p>\u00a0<\/p><p>\u00a0<\/p><p><a href=\"http:\/\/gekril.com.br\/wp-content\/uploads\/2026\/01\/FOLDER_CATALOGO_GEKRIL_GEKAR.pdf\" target=\"_blank\" rel=\"noopener\"><img decoding=\"async\" class=\"aligncenter wp-image-2196 size-medium\" src=\"http:\/\/gekril.com.br\/wp-content\/uploads\/2026\/01\/Design-sem-nome-300x60.png\" alt=\"\" width=\"300\" height=\"60\" srcset=\"http:\/\/gekril.com.br\/wp-content\/uploads\/2026\/01\/Design-sem-nome-300x60.png 300w, http:\/\/gekril.com.br\/wp-content\/uploads\/2026\/01\/Design-sem-nome-1024x205.png 1024w, http:\/\/gekril.com.br\/wp-content\/uploads\/2026\/01\/Design-sem-nome-768x154.png 768w, http:\/\/gekril.com.br\/wp-content\/uploads\/2026\/01\/Design-sem-nome.png 1180w\" sizes=\"(max-width: 300px) 100vw, 300px\" \/><\/a><\/p><p>\u00a0<\/p>\t\t\t\t\t\t<\/div>\n\t\t\t\t<\/div>\n\t\t\t\t<\/div>\n\t\t\t\t\t<\/div>\n\t\t\t\t<\/div>\n\t\t\t\t<\/div>\n\t\t","protected":false},"excerpt":{"rendered":"<p>Gekril Tinta boa de verdade! A Gekril \u00e9 uma marca capixaba especializada em tintas e complementos para pintura residencial, com foco em seguran\u00e7a, sustentabilidade e total satisfa\u00e7\u00e3o do cliente. Com mais de 10 anos de experi\u00eancia e nascida a partir da expertise da Gekar, refer\u00eancia em complementos automotivos e industriais, unimos tradi\u00e7\u00e3o e inova\u00e7\u00e3o para [&hellip;]<\/p>\n","protected":false},"author":1,"featured_media":0,"parent":0,"menu_order":0,"comment_status":"closed","ping_status":"closed","template":"elementor_header_footer","meta":{"footnotes":""},"cor_pagina":[],"class_list":["post-1497","page","type-page","status-publish","hentry"],"_links":{"self":[{"href":"http:\/\/gekril.com.br\/index.php\/wp-json\/wp\/v2\/pages\/1497","targetHints":{"allow":["GET"]}}],"collection":[{"href":"http:\/\/gekril.com.br\/index.php\/wp-json\/wp\/v2\/pages"}],"about":[{"href":"http:\/\/gekril.com.br\/index.php\/wp-json\/wp\/v2\/types\/page"}],"author":[{"embeddable":true,"href":"http:\/\/gekril.com.br\/index.php\/wp-json\/wp\/v2\/users\/1"}],"replies":[{"embeddable":true,"href":"http:\/\/gekril.com.br\/index.php\/wp-json\/wp\/v2\/comments?post=1497"}],"version-history":[{"count":54,"href":"http:\/\/gekril.com.br\/index.php\/wp-json\/wp\/v2\/pages\/1497\/revisions"}],"predecessor-version":[{"id":2202,"href":"http:\/\/gekril.com.br\/index.php\/wp-json\/wp\/v2\/pages\/1497\/revisions\/2202"}],"wp:attachment":[{"href":"http:\/\/gekril.com.br\/index.php\/wp-json\/wp\/v2\/media?parent=1497"}],"wp:term":[{"taxonomy":"cor_pagina","embeddable":true,"href":"http:\/\/gekril.com.br\/index.php\/wp-json\/wp\/v2\/cor_pagina?post=1497"}],"curies":[{"name":"wp","href":"https:\/\/api.w.org\/{rel}","templated":true}]}}